{"id":7173,"date":"2024-07-15T04:42:34","date_gmt":"2024-07-15T04:42:34","guid":{"rendered":"https:\/\/baifenbai.fr\/?page_id=7173"},"modified":"2024-09-29T00:02:17","modified_gmt":"2024-09-29T00:02:17","slug":"catalogue","status":"publish","type":"page","link":"https:\/\/baifenbai.fr\/?page_id=7173","title":{"rendered":"Catalogue"},"content":{"rendered":"\t\t<div data-elementor-type=\"wp-page\" data-elementor-id=\"7173\" class=\"elementor elementor-7173\" data-elementor-post-type=\"page\">\n\t\t\t\t<div class=\"elementor-element elementor-element-a93a643 e-con-full e-flex wpr-particle-no wpr-jarallax-no wpr-parallax-no wpr-sticky-section-no e-con e-parent\" data-id=\"a93a643\" data-element_type=\"container\" data-e-type=\"container\" data-settings=\"{&quot;background_background&quot;:&quot;classic&quot;}\">\n\t\t\t\t<div class=\"elementor-element elementor-element-07c5c9c elementor-widget elementor-widget-heading\" data-id=\"07c5c9c\" data-element_type=\"widget\" data-e-type=\"widget\" data-widget_type=\"heading.default\">\n\t\t\t\t<div class=\"elementor-widget-container\">\n\t\t\t\t\t<h2 class=\"elementor-heading-title elementor-size-default\">CATALOGUE<\/h2>\t\t\t\t<\/div>\n\t\t\t\t<\/div>\n\t\t\t\t<\/div>\n\t\t<div class=\"elementor-element elementor-element-2ff220f e-flex e-con-boxed wpr-particle-no wpr-jarallax-no wpr-parallax-no wpr-sticky-section-no e-con e-parent\" data-id=\"2ff220f\" data-element_type=\"container\" data-e-type=\"container\">\n\t\t\t\t\t<div class=\"e-con-inner\">\n\t\t\t\t<div class=\"elementor-element elementor-element-156c3ce elementor-product-loop-item--align-center elementor-grid-4 elementor-grid-tablet-3 elementor-grid-mobile-2 elementor-products-grid elementor-wc-products elementor-widget elementor-widget-wc-categories\" data-id=\"156c3ce\" data-element_type=\"widget\" data-e-type=\"widget\" data-widget_type=\"wc-categories.default\">\n\t\t\t\t<div class=\"elementor-widget-container\">\n\t\t\t\t\t<div class=\"woocommerce columns-4\"><ul class=\"products elementor-grid columns-4\">\n<li class=\"product-category product first\">\n\t<a aria-label=\"Acc\u00e9der \u00e0 la cat\u00e9gorie de produits Aides Culinaires\" href=\"https:\/\/baifenbai.fr\/?product_cat=aides-culinaires\"><img decoding=\"async\" src=\"https:\/\/baifenbai.fr\/wp-content\/uploads\/2024\/06\/BFB_Categorie-Aides-Culinaires.jpg\" alt=\"Aides Culinaires\" width=\"0\" height=\"0\" \/>\t\t<h2 class=\"woocommerce-loop-category__title\">\n\t\t\tAides Culinaires <mark class=\"count\">(99)<\/mark>\t\t<\/h2>\n\t\t<\/a><\/li>\n<li class=\"product-category product\">\n\t<a aria-label=\"Acc\u00e9der \u00e0 la cat\u00e9gorie de produits Boissons\/Alcools\" href=\"https:\/\/baifenbai.fr\/?product_cat=boissons-alcools\"><img decoding=\"async\" src=\"https:\/\/baifenbai.fr\/wp-content\/uploads\/2024\/06\/BFB_Categorie-Boissons-Alcools.jpg\" alt=\"Boissons\/Alcools\" width=\"0\" height=\"0\" \/>\t\t<h2 class=\"woocommerce-loop-category__title\">\n\t\t\tBoissons\/Alcools <mark class=\"count\">(19)<\/mark>\t\t<\/h2>\n\t\t<\/a><\/li>\n<li class=\"product-category product\">\n\t<a aria-label=\"Acc\u00e9der \u00e0 la cat\u00e9gorie de produits Bonbons\" href=\"https:\/\/baifenbai.fr\/?product_cat=bonbons\"><img decoding=\"async\" src=\"https:\/\/baifenbai.fr\/wp-content\/uploads\/2024\/06\/BFB_Categorie-Bonbons.jpg\" alt=\"Bonbons\" width=\"0\" height=\"0\" \/>\t\t<h2 class=\"woocommerce-loop-category__title\">\n\t\t\tBonbons <mark class=\"count\">(12)<\/mark>\t\t<\/h2>\n\t\t<\/a><\/li>\n<li class=\"product-category product last\">\n\t<a aria-label=\"Acc\u00e9der \u00e0 la cat\u00e9gorie de produits Conserves\" href=\"https:\/\/baifenbai.fr\/?product_cat=conserves\"><img loading=\"lazy\" decoding=\"async\" src=\"https:\/\/baifenbai.fr\/wp-content\/uploads\/2024\/06\/BFB_Categorie-Conserves.jpg\" alt=\"Conserves\" width=\"0\" height=\"0\" \/>\t\t<h2 class=\"woocommerce-loop-category__title\">\n\t\t\tConserves <mark class=\"count\">(22)<\/mark>\t\t<\/h2>\n\t\t<\/a><\/li>\n<li class=\"product-category product first\">\n\t<a aria-label=\"Acc\u00e9der \u00e0 la cat\u00e9gorie de produits Desserts\" href=\"https:\/\/baifenbai.fr\/?product_cat=desserts\"><img loading=\"lazy\" decoding=\"async\" src=\"https:\/\/baifenbai.fr\/wp-content\/uploads\/2024\/06\/BFB_Categorie-Desserts.jpg\" alt=\"Desserts\" width=\"0\" height=\"0\" \/>\t\t<h2 class=\"woocommerce-loop-category__title\">\n\t\t\tDesserts <mark class=\"count\">(31)<\/mark>\t\t<\/h2>\n\t\t<\/a><\/li>\n<li class=\"product-category product\">\n\t<a aria-label=\"Acc\u00e9der \u00e0 la cat\u00e9gorie de produits Nouveaut\u00e9\" href=\"https:\/\/baifenbai.fr\/?product_cat=uncategorized\"><img loading=\"lazy\" decoding=\"async\" src=\"https:\/\/baifenbai.fr\/wp-content\/uploads\/2024\/06\/BFB_Nouveaute-01.jpg\" alt=\"Nouveaut\u00e9\" width=\"0\" height=\"0\" \/>\t\t<h2 class=\"woocommerce-loop-category__title\">\n\t\t\tNouveaut\u00e9 <mark class=\"count\">(57)<\/mark>\t\t<\/h2>\n\t\t<\/a><\/li>\n<li class=\"product-category product\">\n\t<a aria-label=\"Acc\u00e9der \u00e0 la cat\u00e9gorie de produits Produits carn\u00e9s\" href=\"https:\/\/baifenbai.fr\/?product_cat=produits-carnes\"><img loading=\"lazy\" decoding=\"async\" src=\"https:\/\/baifenbai.fr\/wp-content\/uploads\/2024\/06\/BFB_Categorie-Produits-carnes.jpg\" alt=\"Produits carn\u00e9s\" width=\"0\" height=\"0\" \/>\t\t<h2 class=\"woocommerce-loop-category__title\">\n\t\t\tProduits carn\u00e9s <mark class=\"count\">(2)<\/mark>\t\t<\/h2>\n\t\t<\/a><\/li>\n<li class=\"product-category product last\">\n\t<a aria-label=\"Acc\u00e9der \u00e0 la cat\u00e9gorie de produits Produits d&#039;emballages et hygi\u00e8nes\" href=\"https:\/\/baifenbai.fr\/?product_cat=produits-demballages-et-hygienes\"><img loading=\"lazy\" decoding=\"async\" src=\"https:\/\/baifenbai.fr\/wp-content\/uploads\/2024\/06\/BFB_Categorie-Produits-demballages-et-hygienes.jpg\" alt=\"Produits d&#039;emballages et hygi\u00e8nes\" width=\"0\" height=\"0\" \/>\t\t<h2 class=\"woocommerce-loop-category__title\">\n\t\t\tProduits d&#039;emballages et hygi\u00e8nes <mark class=\"count\">(46)<\/mark>\t\t<\/h2>\n\t\t<\/a><\/li>\n<li class=\"product-category product first\">\n\t<a aria-label=\"Acc\u00e9der \u00e0 la cat\u00e9gorie de produits Produits de la mer\" href=\"https:\/\/baifenbai.fr\/?product_cat=produits-de-la-mer\"><img loading=\"lazy\" decoding=\"async\" src=\"https:\/\/baifenbai.fr\/wp-content\/uploads\/2024\/06\/BFB_Categorie-Produits-de-la-mer-e1717626183416.jpg\" alt=\"Produits de la mer\" width=\"0\" height=\"0\" \/>\t\t<h2 class=\"woocommerce-loop-category__title\">\n\t\t\tProduits de la mer <mark class=\"count\">(41)<\/mark>\t\t<\/h2>\n\t\t<\/a><\/li>\n<li class=\"product-category product\">\n\t<a aria-label=\"Acc\u00e9der \u00e0 la cat\u00e9gorie de produits Produits japonais\" href=\"https:\/\/baifenbai.fr\/?product_cat=produits-japonais\"><img loading=\"lazy\" decoding=\"async\" src=\"https:\/\/baifenbai.fr\/wp-content\/uploads\/2024\/06\/BFB_V001.jpg\" alt=\"Produits japonais\" width=\"0\" height=\"0\" \/>\t\t<h2 class=\"woocommerce-loop-category__title\">\n\t\t\tProduits japonais <mark class=\"count\">(24)<\/mark>\t\t<\/h2>\n\t\t<\/a><\/li>\n<li class=\"product-category product\">\n\t<a aria-label=\"Acc\u00e9der \u00e0 la cat\u00e9gorie de produits Produits surgel\u00e9s\" href=\"https:\/\/baifenbai.fr\/?product_cat=produits-surgeles\"><img loading=\"lazy\" decoding=\"async\" src=\"https:\/\/baifenbai.fr\/wp-content\/uploads\/2024\/06\/BFB_Categorie-Produits-Surgeles.jpg\" alt=\"Produits surgel\u00e9s\" width=\"0\" height=\"0\" \/>\t\t<h2 class=\"woocommerce-loop-category__title\">\n\t\t\tProduits surgel\u00e9s <mark class=\"count\">(112)<\/mark>\t\t<\/h2>\n\t\t<\/a><\/li>\n<li class=\"product-category product last\">\n\t<a aria-label=\"Acc\u00e9der \u00e0 la cat\u00e9gorie de produits Riz\/Nouille\/Vermicelle\" href=\"https:\/\/baifenbai.fr\/?product_cat=riz-nouille-vermicelle\"><img loading=\"lazy\" decoding=\"async\" src=\"https:\/\/baifenbai.fr\/wp-content\/uploads\/2024\/06\/BFB_Categorie-Riz_Nouille_Vermicelle-e1717626140231.jpg\" alt=\"Riz\/Nouille\/Vermicelle\" width=\"0\" height=\"0\" \/>\t\t<h2 class=\"woocommerce-loop-category__title\">\n\t\t\tRiz\/Nouille\/Vermicelle <mark class=\"count\">(26)<\/mark>\t\t<\/h2>\n\t\t<\/a><\/li>\n<\/ul>\n<\/div>\t\t\t\t<\/div>\n\t\t\t\t<\/div>\n\t\t\t\t\t<\/div>\n\t\t\t\t<\/div>\n\t\t\t\t<\/div>\n\t\t","protected":false},"excerpt":{"rendered":"<p>CATALOGUE<\/p>\n","protected":false},"author":1,"featured_media":0,"parent":0,"menu_order":0,"comment_status":"closed","ping_status":"closed","template":"elementor_header_footer","meta":{"wprm-recipe-roundup-name":"","wprm-recipe-roundup-description":"","tinysalt_hide_before_page_content_ad":"","tinysalt_hide_after_page_content_ad":"","tinysalt_hide_page_header":"","tinysalt_advanced_classname":"","tinysalt_page_featured_media_position":"","tinysalt_single_site_header_source":"","tinysalt_single_custom_site_header":"","tinysalt_single_custom_sticky_site_header":"","tinysalt_single_custom_sticky_site_header_style":"sticky-scroll-up","tinysalt_single_site_footer_source":"","tinysalt_single_custom_site_footer":"","footnotes":""},"class_list":["post-7173","page","type-page","status-publish","hentry"],"_links":{"self":[{"href":"https:\/\/baifenbai.fr\/index.php?rest_route=\/wp\/v2\/pages\/7173","targetHints":{"allow":["GET"]}}],"collection":[{"href":"https:\/\/baifenbai.fr\/index.php?rest_route=\/wp\/v2\/pages"}],"about":[{"href":"https:\/\/baifenbai.fr\/index.php?rest_route=\/wp\/v2\/types\/page"}],"author":[{"embeddable":true,"href":"https:\/\/baifenbai.fr\/index.php?rest_route=\/wp\/v2\/users\/1"}],"replies":[{"embeddable":true,"href":"https:\/\/baifenbai.fr\/index.php?rest_route=%2Fwp%2Fv2%2Fcomments&post=7173"}],"version-history":[{"count":48,"href":"https:\/\/baifenbai.fr\/index.php?rest_route=\/wp\/v2\/pages\/7173\/revisions"}],"predecessor-version":[{"id":8214,"href":"https:\/\/baifenbai.fr\/index.php?rest_route=\/wp\/v2\/pages\/7173\/revisions\/8214"}],"wp:attachment":[{"href":"https:\/\/baifenbai.fr\/index.php?rest_route=%2Fwp%2Fv2%2Fmedia&parent=7173"}],"curies":[{"name":"wp","href":"https:\/\/api.w.org\/{rel}","templated":true}]}}