{"id":7154,"date":"2024-07-15T03:51:24","date_gmt":"2024-07-15T03:51:24","guid":{"rendered":"https:\/\/baifenbai.fr\/?page_id=7154"},"modified":"2024-09-29T00:07:53","modified_gmt":"2024-09-29T00:07:53","slug":"conditions-generales-de-vente","status":"publish","type":"page","link":"https:\/\/baifenbai.fr\/?page_id=7154","title":{"rendered":"Conditions g\u00e9n\u00e9rales de ventes"},"content":{"rendered":"\t\t<div data-elementor-type=\"wp-page\" data-elementor-id=\"7154\" class=\"elementor elementor-7154\" data-elementor-post-type=\"page\">\n\t\t\t\t<div class=\"elementor-element elementor-element-222cb33 e-con-full e-flex wpr-particle-no wpr-jarallax-no wpr-parallax-no wpr-sticky-section-no e-con e-parent\" data-id=\"222cb33\" data-element_type=\"container\" data-e-type=\"container\" data-settings=\"{&quot;background_background&quot;:&quot;classic&quot;}\">\n\t\t\t\t<div class=\"elementor-element elementor-element-69de650 elementor-widget elementor-widget-heading\" data-id=\"69de650\" data-element_type=\"widget\" data-e-type=\"widget\" data-widget_type=\"heading.default\">\n\t\t\t\t<div class=\"elementor-widget-container\">\n\t\t\t\t\t<h2 class=\"elementor-heading-title elementor-size-default\">Conditions de vente<\/h2>\t\t\t\t<\/div>\n\t\t\t\t<\/div>\n\t\t\t\t<\/div>\n\t\t<div class=\"elementor-element elementor-element-1aa2a94 e-flex e-con-boxed wpr-particle-no wpr-jarallax-no wpr-parallax-no wpr-sticky-section-no e-con e-parent\" data-id=\"1aa2a94\" data-element_type=\"container\" data-e-type=\"container\">\n\t\t\t\t\t<div class=\"e-con-inner\">\n\t\t\t\t<div class=\"elementor-element elementor-element-c970f5c elementor-widget elementor-widget-heading\" data-id=\"c970f5c\" data-element_type=\"widget\" data-e-type=\"widget\" data-widget_type=\"heading.default\">\n\t\t\t\t<div class=\"elementor-widget-container\">\n\t\t\t\t\t<h2 class=\"elementor-heading-title elementor-size-default\">Conditions G\u00e9n\u00e9rales De Vente<\/h2>\t\t\t\t<\/div>\n\t\t\t\t<\/div>\n\t\t\t\t<div class=\"elementor-element elementor-element-5185591 elementor-widget elementor-widget-text-editor\" data-id=\"5185591\" data-element_type=\"widget\" data-e-type=\"widget\" data-widget_type=\"text-editor.default\">\n\t\t\t\t<div class=\"elementor-widget-container\">\n\t\t\t\t\t\t\t\t\t<p>Le site <a href=\"https:\/\/www.baifenbai.fr\">https:\/\/www.baifenbai.fr<\/a> est d\u00e9di\u00e9 aux clients professionnels pour l&rsquo;achat en gros de produits alimentaires. La fourniture des donn\u00e9es n\u00e9cessaires \u00e0 l&rsquo;ex\u00e9cution des transactions commerciales, ainsi que de la Politique de Confidentialit\u00e9, est n\u00e9cessaire pour proc\u00e9der \u00e0 l&rsquo;achat des Produits \u00e0 vendre. Avant chaque achat, le client doit lire attentivement les conditions ci-dessous en en conservant une copie sur papier ou sous forme num\u00e9rique.<\/p><p>\u00a0<\/p><p>Aux fins des pr\u00e9sentes conditions de vente, on entend :<\/p><ul><li><strong>Produit(s) :<\/strong> Un ou plusieurs des produits en promotion disponibles \u00e0 l&rsquo;achat\/commande sur le site <a href=\"http:\/\/www.baifenbai.fr\">baifenbai.fr<\/a>.<\/li><li><strong>Client :<\/strong> L&rsquo;entreprise ou professionnel qui ach\u00e8te un ou plusieurs Produits disponibles \u00e0 l&rsquo;achat\/commande sur le Site <a href=\"http:\/\/www.baifenbai.fr\">baifenbai.fr<\/a>.<\/li><li><strong>Site :<\/strong> Le site <a href=\"https:\/\/www.baifenbai.fr\">https:\/\/www.baifenbai.fr<\/a>. Le Vendeur n&rsquo;est en aucun cas responsable de l&rsquo;achat de Produits ou services pr\u00e9sents sur d&rsquo;autres sites.<\/li><li><strong>Commande :<\/strong> La commande du ou des Produits, effectu\u00e9e par le Client sur le Site.<\/li><\/ul><ol><li><strong> Champ d&rsquo;application<\/strong><\/li><\/ol><p>Chaque bon de commande par Internet est r\u00e9gi par les pr\u00e9sentes Conditions G\u00e9n\u00e9rales de Vente, formul\u00e9es conform\u00e9ment \u00e0 la l\u00e9gislation en vigueur sur les contrats conclus en dehors des locaux commerciaux.<\/p><ul><li>En passant une Commande, vous d\u00e9clarez avoir lu, compris et accept\u00e9 les pr\u00e9sentes Conditions G\u00e9n\u00e9rales de Vente.<\/li><\/ul><ul><li>En passant une Commande, le Client d\u00e9clare :<\/li><\/ul><ul><li style=\"list-style-type: none;\"><ol><li>\u00catre une entreprise ou un professionnel selon les dispositions l\u00e9gales en vigueur ;<\/li><li>\u00catre en capacit\u00e9 de contracter juridiquement ;<\/li><li>Que les donn\u00e9es fournies par celui-ci pour l&rsquo;ex\u00e9cution du Contrat sont correctes et v\u00e9ridiques ;<\/li><li>Avoir lu toutes les informations qui lui ont \u00e9t\u00e9 fournies lors de la proc\u00e9dure d&rsquo;achat, et accepter pleinement les conditions g\u00e9n\u00e9rales et de paiement indiqu\u00e9es dans la proc\u00e9dure d&rsquo;achat.<\/li><\/ol><\/li><\/ul><p>Le Vendeur se r\u00e9serve le droit de modifier \u00e0 tout moment les pr\u00e9sentes Conditions G\u00e9n\u00e9rales de Vente en publiant une nouvelle version sur ce Site Internet. Les conditions applicables \u00e0 chaque Commande individuelle sont celles publi\u00e9es sur le Site au moment de la passation de la Commande.<\/p><p>\u00a0<\/p><ol start=\"2\"><li><strong> Proc\u00e9dure de commande et conclusion du contrat<\/strong><\/li><\/ol><p>Le Client peut choisir les Produits disponibles au sein de l&rsquo;assortiment propos\u00e9 par le Site. Les Produits s\u00e9lectionn\u00e9s par l&rsquo;utilisateur, via le bouton \u00ab Ajouter au panier \u00bb, seront inclus dans un panier virtuel et seront visibles via le lien \u00ab Panier \u00bb dans la barre sup\u00e9rieure droite du Site. Les produits choisis par le client seront affich\u00e9s \u00e0 l&rsquo;int\u00e9rieur du panier ; en cliquant sur le bouton \u00ab Commander \u00bb, le Site lancera la proc\u00e9dure d&rsquo;insertion de la Commande propos\u00e9e dans le syst\u00e8me du Vendeur.<\/p><p>\u00c0 ce stade, le client aura la possibilit\u00e9 de consulter les quantit\u00e9s, les prix finaux, les coordonn\u00e9es et toute autre information pertinente, et de saisir les donn\u00e9es professionnelles et de paiement n\u00e9cessaires pour finaliser l&rsquo;achat. La Commande envoy\u00e9e par le Client via le Site doit \u00eatre compl\u00e8te dans toutes ses parties et n&rsquo;engage le Vendeur qu&rsquo;au moment o\u00f9 ce dernier envoie une confirmation par e-mail. La confirmation de commande contiendra le r\u00e9capitulatif des Produits achet\u00e9s, les prix relatifs, la date de livraison et les conditions g\u00e9n\u00e9rales et particuli\u00e8res applicables \u00e0 la Commande elle-m\u00eame. Le Vendeur se r\u00e9serve le droit, \u00e0 sa discr\u00e9tion, de refuser l&rsquo;ex\u00e9cution de certaines commandes, notamment (mais non exclusivement) en cas d&rsquo;impay\u00e9s de pr\u00e9c\u00e9dents et de factures impay\u00e9es. En cas de non-acceptation de la Commande, le Vendeur informera le Client dans les plus brefs d\u00e9lais.<\/p><p>\u00a0<\/p><ol start=\"3\"><li><strong> Produits \u2013 Assortiment \u2013 Disponibilit\u00e9 des produits<\/strong><\/li><\/ol><p>Les Produits pouvant \u00eatre achet\u00e9s et\/ou command\u00e9s sont ceux affich\u00e9s sur le Site, disponibles au moment de la Commande. Le Vendeur se r\u00e9serve \u00e9galement le droit de modifier, en supprimant ou en ajoutant des Produits, le choix des Produits affich\u00e9s sur le Site \u00e0 sa seule discr\u00e9tion. Le Vendeur ne peut \u00eatre tenu responsable de l&rsquo;indisponibilit\u00e9 temporaire ou d\u00e9finitive d&rsquo;un ou plusieurs Produits. Dans le cas o\u00f9 l\u2019ex\u00e9cution de la Commande ne serait pas possible en raison de l\u2019indisponibilit\u00e9 d\u2019un ou plusieurs Produits, le Vendeur en informera le Client par \u00e9crit dans un d\u00e9lai de 30 jours. L&rsquo;envoi de la demande de Commande vaut en tout \u00e9tat de cause acceptation pr\u00e9alable par le Client de la livraison m\u00eame partielle de la Commande, limit\u00e9e aux Produits disponibles au sein de ceux command\u00e9s. Bien entendu, aucune somme ne sera factur\u00e9e pour les Produits indisponibles et dans le cas o\u00f9 une telle indisponibilit\u00e9 surviendrait apr\u00e8s paiement, le Vendeur r\u00e9glera sans d\u00e9lai les sommes vers\u00e9es en trop \u00e0 cet effet par le Client.<\/p><p>\u00a0<\/p><ol start=\"4\"><li><strong> Prix et frais \u00e0 la charge de l&rsquo;acheteur<\/strong><\/li><\/ol><p>Les prix applicables aux Produits command\u00e9s sont ceux indiqu\u00e9s sur le Site \u00e0 la date de transmission de la Commande et sont \u00e0 consid\u00e9rer TVA incluse. Toute offre promotionnelle relative aux Produits affich\u00e9s sera mise en \u00e9vidence de mani\u00e8re appropri\u00e9e sur le Site. Les frais de port, qui seront ceux indiqu\u00e9s sur le Site au moment de la passation de la Commande et qui varieront selon le lieu d&rsquo;exp\u00e9dition, le poids\/taille du colis, ne sont pas inclus, ainsi que la taille de la Commande.<\/p><p>Toute promotion relative aux frais de livraison sera toujours mise en avant sur le Site de temps \u00e0 autre. Le paiement des \u00e9ventuels droits de douane, taxes, droits et frais de fronti\u00e8re sera \u00e0 la charge exclusive de l&rsquo;acheteur. Si le calcul des droits de douane, taxes, droits et frais de fronti\u00e8re ne peut \u00eatre effectu\u00e9 au moment de l&rsquo;achat, le paiement relatif restera en tout \u00e9tat de cause \u00e0 la charge du Client. Le Vendeur ne peut donc \u00eatre tenu responsable de la non-livraison du Produit achet\u00e9, lorsque celle-ci est due au non-paiement des droits de douane, taxes, droits et taxes de fronti\u00e8re.<\/p><p>\u00a0<\/p><ol start=\"5\"><li><strong> Paiements<\/strong><\/li><\/ol><p>Lors de la soumission de la proposition de Commande, le Client r\u00e9glera le montant relatif par virement bancaire, carte bancaire ou autre moyen de paiement accept\u00e9 par le Site. Le paiement peut \u00eatre effectu\u00e9 avec un seul type de paiement couvrant la totalit\u00e9 du montant de l&rsquo;achat. Les donn\u00e9es de paiement seront crypt\u00e9es lors des transactions pour des raisons de s\u00e9curit\u00e9. Le Vendeur se r\u00e9serve le droit de demander des informations compl\u00e9mentaires au Client (par exemple num\u00e9ro de t\u00e9l\u00e9phone fixe) ou de lui adresser une copie des documents prouvant l&rsquo;identit\u00e9 de l&rsquo;entreprise ou du professionnel. En l&rsquo;absence des documents requis, le Vendeur se r\u00e9serve le droit de ne pas accepter la Commande. Aucun fichier informatique du Vendeur ne conservera de telles donn\u00e9es. En aucun cas le Vendeur ne pourra donc \u00eatre tenu responsable de toute utilisation frauduleuse et indue de moyens de paiement par des tiers, lors du paiement des produits achet\u00e9s sur le Site. L&rsquo;\u00e9mission de la facture est soumise \u00e0 la demande sp\u00e9cifique du Client formul\u00e9e au moment de la Commande en remplissant le champ appropri\u00e9. Les factures seront \u00e9mises exclusivement sous format \u00e9lectronique.<\/p><p>En cas de non-acceptation de la Commande, le Vendeur proc\u00e9dera dans les meilleurs d\u00e9lais au remboursement int\u00e9gral des sommes avanc\u00e9es par les clients. Sauf accord contraire avec le Client, en cas d&rsquo;annulation de la Commande, tant par le Client qu&rsquo;en cas de non-acceptation de celle-ci par le Vendeur, il sera demand\u00e9 \u00e0 ce dernier en m\u00eame temps d&rsquo;annuler la transaction et de lib\u00e9rer le montant engag\u00e9. Les d\u00e9lais de d\u00e9blocage, pour certains types de paiements, d\u00e9pendent exclusivement du syst\u00e8me bancaire et peuvent atteindre leur expiration naturelle (24\u00e8me jour \u00e0 compter de la date d&rsquo;autorisation). Une fois la transaction annul\u00e9e, le Vendeur ne pourra en aucun cas \u00eatre tenu responsable d&rsquo;un quelconque dommage, direct ou indirect, caus\u00e9 par le retard dans le non-d\u00e9blocage du montant engag\u00e9 par le syst\u00e8me bancaire.<\/p><p>\u00a0<\/p><ol start=\"6\"><li><strong> D\u00e9faut de livraison<\/strong><\/li><\/ol><p>Si le client ne se rend pas disponible pour r\u00e9cup\u00e9rer le Produit, le transporteur pourra laisser un avis de passage avec les instructions pour proc\u00e9der au retour ou \u00e0 la r\u00e9cup\u00e9ration du Produit exp\u00e9di\u00e9. Le Client d\u00e9gage le Vendeur de toute responsabilit\u00e9 d\u00e9coulant du d\u00e9faut de retour ou du retrait du Produit, m\u00eame si cela est d\u00fb au d\u00e9faut d&rsquo;envoi de la notification ou, en tout cas, \u00e0 la n\u00e9gligence du Client. Dans le cas o\u00f9 la livraison \u00e9choue en raison d&rsquo;un \u00e9v\u00e9nement imputable au Client (ou parce qu&rsquo;il n&rsquo;est pas possible d&rsquo;effectuer la livraison au lieu indiqu\u00e9 au moment de la confirmation de commande, de sorte que le Client ou la personne d\u00e9sign\u00e9e par lui ne dispose pas d&rsquo;un cr\u00e9dit valide ou important, ou s&rsquo;il est impossible de payer par carte bancaire), la Commande sera consid\u00e9r\u00e9e comme annul\u00e9e et le Client se verra facturer les frais de livraison et ceux des Produits qui ne pourront plus \u00eatre \u00e9chang\u00e9s.<\/p><p>\u00a0<\/p>\t\t\t\t\t\t\t\t<\/div>\n\t\t\t\t<\/div>\n\t\t\t\t\t<\/div>\n\t\t\t\t<\/div>\n\t\t\t\t<\/div>\n\t\t","protected":false},"excerpt":{"rendered":"<p>Conditions de vente Conditions G\u00e9n\u00e9rales De Vente Le site https:\/\/www.baifenbai.fr est d\u00e9di\u00e9 aux clients professionnels pour l&rsquo;achat en gros de produits alimentaires. La fourniture des donn\u00e9es n\u00e9cessaires \u00e0 l&rsquo;ex\u00e9cution des transactions commerciales, ainsi que de la Politique de Confidentialit\u00e9, est n\u00e9cessaire pour proc\u00e9der \u00e0 l&rsquo;achat des Produits \u00e0 vendre. Avant chaque achat, le client doit lire attentivement les conditions ci-dessous en en conservant une copie sur papier ou sous forme num\u00e9rique. \u00a0 Aux fins des pr\u00e9sentes conditions de vente, on entend : Produit(s) : Un ou plusieurs des produits en promotion disponibles \u00e0 l&rsquo;achat\/commande sur le site baifenbai.fr. Client : L&rsquo;entreprise ou professionnel qui ach\u00e8te un ou plusieurs Produits disponibles \u00e0 l&rsquo;achat\/commande sur le Site baifenbai.fr. Site : Le site https:\/\/www.baifenbai.fr. Le Vendeur n&rsquo;est en aucun cas responsable de l&rsquo;achat de Produits ou services pr\u00e9sents sur d&rsquo;autres sites. Commande : La commande du ou des Produits, effectu\u00e9e par le Client sur le Site. Champ d&rsquo;application Chaque bon de commande par Internet est r\u00e9gi par les pr\u00e9sentes Conditions G\u00e9n\u00e9rales de Vente, formul\u00e9es conform\u00e9ment \u00e0 la l\u00e9gislation en vigueur sur les contrats conclus en dehors des locaux commerciaux. En passant une Commande, vous d\u00e9clarez avoir lu, compris et accept\u00e9 les pr\u00e9sentes Conditions G\u00e9n\u00e9rales de Vente. En passant une Commande, le Client d\u00e9clare : \u00catre une entreprise ou un professionnel selon les dispositions l\u00e9gales en vigueur ; \u00catre en capacit\u00e9 de contracter juridiquement ; Que les donn\u00e9es fournies par celui-ci pour l&rsquo;ex\u00e9cution du Contrat sont correctes et v\u00e9ridiques ; Avoir lu toutes les informations qui lui ont \u00e9t\u00e9 fournies lors de la proc\u00e9dure d&rsquo;achat, et accepter pleinement les conditions g\u00e9n\u00e9rales et de paiement indiqu\u00e9es dans la proc\u00e9dure d&rsquo;achat. Le Vendeur se r\u00e9serve le droit de modifier \u00e0 tout moment les pr\u00e9sentes Conditions G\u00e9n\u00e9rales de Vente en publiant une nouvelle version sur ce Site Internet. Les conditions applicables \u00e0 chaque Commande individuelle sont celles publi\u00e9es sur le Site au moment de la passation de la Commande. \u00a0 Proc\u00e9dure de commande et conclusion du contrat Le Client peut choisir les Produits disponibles au sein de l&rsquo;assortiment propos\u00e9 par le Site. Les Produits s\u00e9lectionn\u00e9s par l&rsquo;utilisateur, via le bouton \u00ab Ajouter au panier \u00bb, seront inclus dans un panier virtuel et seront visibles via le lien \u00ab Panier \u00bb dans la barre sup\u00e9rieure droite du Site. Les produits choisis par le client seront affich\u00e9s \u00e0 l&rsquo;int\u00e9rieur du panier ; en cliquant sur le bouton \u00ab Commander \u00bb, le Site lancera la proc\u00e9dure d&rsquo;insertion de la Commande propos\u00e9e dans le syst\u00e8me du Vendeur. \u00c0 ce stade, le client aura la possibilit\u00e9 de consulter les quantit\u00e9s, les prix finaux, les coordonn\u00e9es et toute autre information pertinente, et de saisir les donn\u00e9es professionnelles et de paiement n\u00e9cessaires pour finaliser l&rsquo;achat. La Commande envoy\u00e9e par le Client via le Site doit \u00eatre compl\u00e8te dans toutes ses parties et n&rsquo;engage le Vendeur qu&rsquo;au moment o\u00f9 ce dernier envoie une confirmation par e-mail. La confirmation de commande contiendra le r\u00e9capitulatif des Produits achet\u00e9s, les prix relatifs, la date de livraison et les conditions g\u00e9n\u00e9rales et particuli\u00e8res applicables \u00e0 la Commande elle-m\u00eame. Le Vendeur se r\u00e9serve le droit, \u00e0 sa discr\u00e9tion, de refuser l&rsquo;ex\u00e9cution de certaines commandes, notamment (mais non exclusivement) en cas d&rsquo;impay\u00e9s de pr\u00e9c\u00e9dents et de factures impay\u00e9es. En cas de non-acceptation de la Commande, le Vendeur informera le Client dans les plus brefs d\u00e9lais. \u00a0 Produits \u2013 Assortiment \u2013 Disponibilit\u00e9 des produits Les Produits pouvant \u00eatre achet\u00e9s et\/ou command\u00e9s sont ceux affich\u00e9s sur le Site, disponibles au moment de la Commande. Le Vendeur se r\u00e9serve \u00e9galement le droit de modifier, en supprimant ou en ajoutant des Produits, le choix des Produits affich\u00e9s sur le Site \u00e0 sa seule discr\u00e9tion. Le Vendeur ne peut \u00eatre tenu responsable de l&rsquo;indisponibilit\u00e9 temporaire ou d\u00e9finitive d&rsquo;un ou plusieurs Produits. Dans le cas o\u00f9 l\u2019ex\u00e9cution de la Commande ne serait pas possible en raison de l\u2019indisponibilit\u00e9 d\u2019un ou plusieurs Produits, le Vendeur en informera le Client par \u00e9crit dans un d\u00e9lai de 30 jours. L&rsquo;envoi de la demande de Commande vaut en tout \u00e9tat de cause acceptation pr\u00e9alable par le Client de la livraison m\u00eame partielle de la Commande, limit\u00e9e aux Produits disponibles au sein de ceux command\u00e9s. Bien entendu, aucune somme ne sera factur\u00e9e pour les Produits indisponibles et dans le cas o\u00f9 une telle indisponibilit\u00e9 surviendrait apr\u00e8s paiement, le Vendeur r\u00e9glera sans d\u00e9lai les sommes vers\u00e9es en trop \u00e0 cet effet par le Client. \u00a0 Prix et frais \u00e0 la charge de l&rsquo;acheteur Les prix applicables aux Produits command\u00e9s sont ceux indiqu\u00e9s sur le Site \u00e0 la date de transmission de la Commande et sont \u00e0 consid\u00e9rer TVA incluse. Toute offre promotionnelle relative aux Produits affich\u00e9s sera mise en \u00e9vidence de mani\u00e8re appropri\u00e9e sur le Site. Les frais de port, qui seront ceux indiqu\u00e9s sur le Site au moment de la passation de la Commande et qui varieront selon le lieu d&rsquo;exp\u00e9dition, le poids\/taille du colis, ne sont pas inclus, ainsi que la taille de la Commande. Toute promotion relative aux frais de livraison sera toujours mise en avant sur le Site de temps \u00e0 autre. Le paiement des \u00e9ventuels droits de douane, taxes, droits et frais de fronti\u00e8re sera \u00e0 la charge exclusive de l&rsquo;acheteur. Si le calcul des droits de douane, taxes, droits et frais de fronti\u00e8re ne peut \u00eatre effectu\u00e9 au moment de l&rsquo;achat, le paiement relatif restera en tout \u00e9tat de cause \u00e0 la charge du Client. Le Vendeur ne peut donc \u00eatre tenu responsable de la non-livraison du Produit achet\u00e9, lorsque celle-ci est due au non-paiement des droits de douane, taxes, droits et taxes de fronti\u00e8re. \u00a0 Paiements Lors de la soumission de la proposition de Commande, le Client r\u00e9glera le montant relatif par virement bancaire, carte bancaire ou autre moyen de paiement accept\u00e9 par le Site. Le paiement peut \u00eatre effectu\u00e9 avec un seul type de paiement couvrant la totalit\u00e9 du montant de l&rsquo;achat. Les donn\u00e9es de paiement seront crypt\u00e9es lors des transactions pour des raisons de s\u00e9curit\u00e9. Le Vendeur se r\u00e9serve le droit de demander &#8230;<\/p>\n","protected":false},"author":1,"featured_media":0,"parent":0,"menu_order":0,"comment_status":"closed","ping_status":"closed","template":"elementor_header_footer","meta":{"wprm-recipe-roundup-name":"","wprm-recipe-roundup-description":"","tinysalt_hide_before_page_content_ad":"","tinysalt_hide_after_page_content_ad":"","tinysalt_hide_page_header":"","tinysalt_advanced_classname":"","tinysalt_page_featured_media_position":"","tinysalt_single_site_header_source":"","tinysalt_single_custom_site_header":"","tinysalt_single_custom_sticky_site_header":"","tinysalt_single_custom_sticky_site_header_style":"sticky-scroll-up","tinysalt_single_site_footer_source":"","tinysalt_single_custom_site_footer":"","footnotes":""},"class_list":["post-7154","page","type-page","status-publish","hentry"],"_links":{"self":[{"href":"https:\/\/baifenbai.fr\/index.php?rest_route=\/wp\/v2\/pages\/7154","targetHints":{"allow":["GET"]}}],"collection":[{"href":"https:\/\/baifenbai.fr\/index.php?rest_route=\/wp\/v2\/pages"}],"about":[{"href":"https:\/\/baifenbai.fr\/index.php?rest_route=\/wp\/v2\/types\/page"}],"author":[{"embeddable":true,"href":"https:\/\/baifenbai.fr\/index.php?rest_route=\/wp\/v2\/users\/1"}],"replies":[{"embeddable":true,"href":"https:\/\/baifenbai.fr\/index.php?rest_route=%2Fwp%2Fv2%2Fcomments&post=7154"}],"version-history":[{"count":30,"href":"https:\/\/baifenbai.fr\/index.php?rest_route=\/wp\/v2\/pages\/7154\/revisions"}],"predecessor-version":[{"id":8216,"href":"https:\/\/baifenbai.fr\/index.php?rest_route=\/wp\/v2\/pages\/7154\/revisions\/8216"}],"wp:attachment":[{"href":"https:\/\/baifenbai.fr\/index.php?rest_route=%2Fwp%2Fv2%2Fmedia&parent=7154"}],"curies":[{"name":"wp","href":"https:\/\/api.w.org\/{rel}","templated":true}]}}