{"id":6354,"date":"2024-06-25T16:15:55","date_gmt":"2024-06-25T16:15:55","guid":{"rendered":"https:\/\/baifenbai.fr\/?page_id=6354"},"modified":"2024-09-29T00:08:50","modified_gmt":"2024-09-29T00:08:50","slug":"qui-sommes-nous","status":"publish","type":"page","link":"https:\/\/baifenbai.fr\/?page_id=6354","title":{"rendered":"Qui sommes nous"},"content":{"rendered":"\t\t<div data-elementor-type=\"wp-page\" data-elementor-id=\"6354\" class=\"elementor elementor-6354\" data-elementor-post-type=\"page\">\n\t\t\t\t\t\t<section class=\"elementor-section elementor-top-section elementor-element elementor-element-74ea012 elementor-section-full_width elementor-section-height-min-height elementor-section-height-default elementor-section-items-middle wpr-particle-no wpr-jarallax-no wpr-parallax-no wpr-sticky-section-no\" data-id=\"74ea012\" data-element_type=\"section\" data-e-type=\"section\" data-settings=\"{&quot;background_background&quot;:&quot;classic&quot;}\">\n\t\t\t\t\t\t\t<div class=\"elementor-background-overlay\"><\/div>\n\t\t\t\t\t\t\t<div class=\"elementor-container elementor-column-gap-no\">\n\t\t\t\t\t<div class=\"elementor-column elementor-col-100 elementor-top-column elementor-element elementor-element-d6a993f dark-color\" data-id=\"d6a993f\" data-element_type=\"column\" data-e-type=\"column\">\n\t\t\t<div class=\"elementor-widget-wrap elementor-element-populated\">\n\t\t\t\t\t\t\t<\/div>\n\t\t<\/div>\n\t\t\t\t\t<\/div>\n\t\t<\/section>\n\t\t\t\t<section class=\"elementor-section elementor-top-section elementor-element elementor-element-7ebee6d elementor-section-boxed elementor-section-height-default elementor-section-height-default wpr-particle-no wpr-jarallax-no wpr-parallax-no wpr-sticky-section-no\" data-id=\"7ebee6d\" data-element_type=\"section\" data-e-type=\"section\">\n\t\t\t\t\t\t<div class=\"elementor-container elementor-column-gap-no\">\n\t\t\t\t\t<div class=\"elementor-column elementor-col-100 elementor-top-column elementor-element elementor-element-2d7d1b7\" data-id=\"2d7d1b7\" data-element_type=\"column\" data-e-type=\"column\">\n\t\t\t<div class=\"elementor-widget-wrap elementor-element-populated\">\n\t\t\t\t\t\t<div class=\"elementor-element elementor-element-fab229d elementor-widget elementor-widget-heading\" data-id=\"fab229d\" data-element_type=\"widget\" data-e-type=\"widget\" data-widget_type=\"heading.default\">\n\t\t\t\t<div class=\"elementor-widget-container\">\n\t\t\t\t\t<h2 class=\"elementor-heading-title elementor-size-default\">Chez BAIFENBAI<\/h2>\t\t\t\t<\/div>\n\t\t\t\t<\/div>\n\t\t\t\t<div class=\"elementor-element elementor-element-2677fcd elementor-widget elementor-widget-text-editor\" data-id=\"2677fcd\" data-element_type=\"widget\" data-e-type=\"widget\" data-widget_type=\"text-editor.default\">\n\t\t\t\t<div class=\"elementor-widget-container\">\n\t\t\t\t\t\t\t\t\t<p>Bienvenue dans l\u2019univers captivant de BAIFENBAI, bien plus qu\u2019un distributeur en gros, nous sommes les architectes passionn\u00e9s des exp\u00e9riences culinaires asiatiques exceptionnelles. Chez BAIFENBAI, notre mission est de transcender les fronti\u00e8res gustatives en fournissant une s\u00e9lection de produits de premi\u00e8re qualit\u00e9 qui transmettent l\u2019essence m\u00eame de l\u2019Asie.<\/p><p>BAIFENBAI n\u2019est pas simplement un distributeur, mais une odyss\u00e9e culinaire qui commence dans les ruelles anim\u00e9es des march\u00e9s asiatiques, se faufile \u00e0 travers les traditions s\u00e9culaires, pour aboutir \u00e0 votre table. Nous sommes les explorateurs des saveurs, les d\u00e9fricheurs des d\u00e9lices, et chaque produit dans notre vaste catalogue raconte une histoire de go\u00fbt, d\u2019authenticit\u00e9 et d\u2019excellence. Nous croyons en la simplicit\u00e9 dans la complexit\u00e9. Notre processus de commande client est une recette bien orchestr\u00e9e \u00e0 la fois fluide, intuitif et surtout, rapide. La disponibilit\u00e9 en temps r\u00e9el de nos produits est notre engagement envers votre succ\u00e8s, vous offrant un contr\u00f4le total sur votre approvisionnement.<\/p><p>Chez BAIFENBAI, nous ne b\u00e2tissons pas simplement des relations commerciales, nous cr\u00e9ons des partenariats durables. Notre \u00e9quipe d\u00e9vou\u00e9e est votre alli\u00e9e dans la r\u00e9ussite, pr\u00eate \u00e0 vous accompagner \u00e0 chaque \u00e9tape de la commande. Votre succ\u00e8s culinaire est notre motivation quotidienne.<\/p><p>Merci de choisir BAIFENBAI \u2013 bien plus qu\u2019un distributeur, une source d\u2019inspiration pour votre succ\u00e8s gastronomique.<\/p>\t\t\t\t\t\t\t\t<\/div>\n\t\t\t\t<\/div>\n\t\t\t\t\t<\/div>\n\t\t<\/div>\n\t\t\t\t\t<\/div>\n\t\t<\/section>\n\t\t\t\t<section class=\"elementor-section elementor-top-section elementor-element elementor-element-f51e8e0 elementor-section-boxed elementor-section-height-default elementor-section-height-default wpr-particle-no wpr-jarallax-no wpr-parallax-no wpr-sticky-section-no\" data-id=\"f51e8e0\" data-element_type=\"section\" data-e-type=\"section\" data-settings=\"{&quot;background_background&quot;:&quot;classic&quot;}\">\n\t\t\t\t\t\t<div class=\"elementor-container elementor-column-gap-no\">\n\t\t\t\t\t<div class=\"elementor-column elementor-col-100 elementor-top-column elementor-element elementor-element-30ed546 dark-color\" data-id=\"30ed546\" data-element_type=\"column\" data-e-type=\"column\">\n\t\t\t<div class=\"elementor-widget-wrap elementor-element-populated\">\n\t\t\t\t\t\t<section class=\"elementor-section elementor-inner-section elementor-element elementor-element-3ddeab1 elementor-section-boxed elementor-section-height-default elementor-section-height-default wpr-particle-no wpr-jarallax-no wpr-parallax-no wpr-sticky-section-no\" data-id=\"3ddeab1\" data-element_type=\"section\" data-e-type=\"section\">\n\t\t\t\t\t\t<div class=\"elementor-container elementor-column-gap-no\">\n\t\t\t\t\t<div class=\"elementor-column elementor-col-50 elementor-inner-column elementor-element elementor-element-6a1c06b\" data-id=\"6a1c06b\" data-element_type=\"column\" data-e-type=\"column\">\n\t\t\t<div class=\"elementor-widget-wrap elementor-element-populated\">\n\t\t\t\t\t\t<div class=\"elementor-element elementor-element-93fa8bf elementor-widget elementor-widget-image\" data-id=\"93fa8bf\" data-element_type=\"widget\" data-e-type=\"widget\" data-widget_type=\"image.default\">\n\t\t\t\t<div class=\"elementor-widget-container\">\n\t\t\t\t\t\t\t\t\t\t\t\t\t\t\t<img fetchpriority=\"high\" decoding=\"async\" width=\"495\" height=\"271\" src=\"https:\/\/baifenbai.fr\/wp-content\/uploads\/2024\/06\/Screenshot-2024-06-05-202551.png\" class=\"attachment-tinysalt_medium size-tinysalt_medium wp-image-3872\" alt=\"\" srcset=\"https:\/\/baifenbai.fr\/wp-content\/uploads\/2024\/06\/Screenshot-2024-06-05-202551.png 495w, https:\/\/baifenbai.fr\/wp-content\/uploads\/2024\/06\/Screenshot-2024-06-05-202551-150x82.png 150w, https:\/\/baifenbai.fr\/wp-content\/uploads\/2024\/06\/Screenshot-2024-06-05-202551-300x164.png 300w, https:\/\/baifenbai.fr\/wp-content\/uploads\/2024\/06\/Screenshot-2024-06-05-202551-370x203.png 370w, https:\/\/baifenbai.fr\/wp-content\/uploads\/2024\/06\/Screenshot-2024-06-05-202551-255x140.png 255w\" sizes=\"(max-width: 495px) 100vw, 495px\" \/>\t\t\t\t\t\t\t\t\t\t\t\t\t\t\t<\/div>\n\t\t\t\t<\/div>\n\t\t\t\t\t<\/div>\n\t\t<\/div>\n\t\t\t\t<div class=\"elementor-column elementor-col-50 elementor-inner-column elementor-element elementor-element-b03857c\" data-id=\"b03857c\" data-element_type=\"column\" data-e-type=\"column\">\n\t\t\t<div class=\"elementor-widget-wrap elementor-element-populated\">\n\t\t\t\t\t\t<div class=\"elementor-element elementor-element-221f653 elementor-widget elementor-widget-heading\" data-id=\"221f653\" data-element_type=\"widget\" data-e-type=\"widget\" data-widget_type=\"heading.default\">\n\t\t\t\t<div class=\"elementor-widget-container\">\n\t\t\t\t\t<h2 class=\"elementor-heading-title elementor-size-default\">FAQ<\/h2>\t\t\t\t<\/div>\n\t\t\t\t<\/div>\n\t\t\t\t<div class=\"elementor-element elementor-element-9d6f6f0 elementor-widget elementor-widget-html\" data-id=\"9d6f6f0\" data-element_type=\"widget\" data-e-type=\"widget\" data-widget_type=\"html.default\">\n\t\t\t\t<div class=\"elementor-widget-container\">\n\t\t\t\t\t<style class=\"accordion-closed-on-load\">body:not(.elementor-editor-active) .elementor-widget-accordion .elementor-tab-content {\r\ndisplay: none!important;\r\n}<\/style> <script src=\"data:text\/javascript;base64,d2luZG93LmFkZEV2ZW50TGlzdGVuZXIoJ2xvYWQnLGZ1bmN0aW9uKCl7c2V0VGltZW91dChmdW5jdGlvbigpe2RvY3VtZW50LnF1ZXJ5U2VsZWN0b3IoJy5hY2NvcmRpb24tY2xvc2VkLW9uLWxvYWQnKS5yZW1vdmUoKTtsZXQgYWNjb3JkaW9uc0VsZW1zPWRvY3VtZW50LnF1ZXJ5U2VsZWN0b3JBbGwoJy5lbGVtZW50b3Itd2lkZ2V0LWFjY29yZGlvbicpCmFjY29yZGlvbnNFbGVtcy5mb3JFYWNoKGU9PntsZXQgYWN0aXZlVGl0bGU9ZS5xdWVyeVNlbGVjdG9yKCcuZWxlbWVudG9yLXRhYi10aXRsZS5lbGVtZW50b3ItYWN0aXZlJyk7bGV0IGFjdGl2ZUNvbnRlbnQ9ZS5xdWVyeVNlbGVjdG9yKCcuZWxlbWVudG9yLXRhYi1jb250ZW50LmVsZW1lbnRvci1hY3RpdmUnKQpqUXVlcnkoYWN0aXZlQ29udGVudCkuaGlkZSgpO2FjdGl2ZVRpdGxlLmNsYXNzTGlzdC5yZW1vdmUoJ2VsZW1lbnRvci1hY3RpdmUnKTthY3RpdmVDb250ZW50LmNsYXNzTGlzdC5yZW1vdmUoJ2VsZW1lbnRvci1hY3RpdmUnKTthY3RpdmVDb250ZW50LnNldEF0dHJpYnV0ZSgnaGlkZGVuJywnaGlkZGVuJyk7YWN0aXZlVGl0bGUuc2V0QXR0cmlidXRlKCdhcmlhLWV4cGFuZGVkJywhMSk7YWN0aXZlVGl0bGUuc2V0QXR0cmlidXRlKCdhcmlhLXNlbGVjdGVkJywhMSk7YWN0aXZlVGl0bGUuc2V0QXR0cmlidXRlKCd0YWJpbmRleCcsLTEpfSl9LDEwMCl9KQ==\" defer><\/script>\t\t\t\t<\/div>\n\t\t\t\t<\/div>\n\t\t\t\t<div class=\"elementor-element elementor-element-fda8a09 no-side-border elementor-widget elementor-widget-accordion\" data-id=\"fda8a09\" data-element_type=\"widget\" data-e-type=\"widget\" data-widget_type=\"accordion.default\">\n\t\t\t\t<div class=\"elementor-widget-container\">\n\t\t\t\t\t\t\t<div class=\"elementor-accordion\">\n\t\t\t\t\t\t\t<div class=\"elementor-accordion-item\">\n\t\t\t\t\t<div id=\"elementor-tab-title-2651\" class=\"elementor-tab-title\" data-tab=\"1\" role=\"button\" aria-controls=\"elementor-tab-content-2651\" aria-expanded=\"false\">\n\t\t\t\t\t\t\t\t\t\t\t\t\t<span class=\"elementor-accordion-icon elementor-accordion-icon-right\" aria-hidden=\"true\">\n\t\t\t\t\t\t\t\t\t\t\t\t\t\t\t<span class=\"elementor-accordion-icon-closed\"><svg class=\"e-font-icon-svg e-fas-plus\" viewBox=\"0 0 448 512\" xmlns=\"http:\/\/www.w3.org\/2000\/svg\"><path d=\"M416 208H272V64c0-17.67-14.33-32-32-32h-32c-17.67 0-32 14.33-32 32v144H32c-17.67 0-32 14.33-32 32v32c0 17.67 14.33 32 32 32h144v144c0 17.67 14.33 32 32 32h32c17.67 0 32-14.33 32-32V304h144c17.67 0 32-14.33 32-32v-32c0-17.67-14.33-32-32-32z\"><\/path><\/svg><\/span>\n\t\t\t\t\t\t\t\t<span class=\"elementor-accordion-icon-opened\"><svg class=\"e-font-icon-svg e-fas-minus\" viewBox=\"0 0 448 512\" xmlns=\"http:\/\/www.w3.org\/2000\/svg\"><path d=\"M416 208H32c-17.67 0-32 14.33-32 32v32c0 17.67 14.33 32 32 32h384c17.67 0 32-14.33 32-32v-32c0-17.67-14.33-32-32-32z\"><\/path><\/svg><\/span>\n\t\t\t\t\t\t\t\t\t\t\t\t\t\t<\/span>\n\t\t\t\t\t\t\t\t\t\t\t\t<a class=\"elementor-accordion-title\" tabindex=\"0\">Proposez-vous la livraison ? Pour quel prix ?<\/a>\n\t\t\t\t\t<\/div>\n\t\t\t\t\t<div id=\"elementor-tab-content-2651\" class=\"elementor-tab-content elementor-clearfix\" data-tab=\"1\" role=\"region\" aria-labelledby=\"elementor-tab-title-2651\"><p class=\"animation_scroll end\">Oui, la livraison est possible \u00e0 travers toute la France et dans l\u2019Europe, uniquement pour nos clients professionnels (restaurateurs et grossistes).<\/p><p class=\"animation_scroll end\">Le tarif d\u00e9pend de votre emplacement. Pour l\u2019Ile-de-France, la livraison est possible et gratuite d\u00e8s 300 euros d\u2019achat.<\/p><p class=\"animation_scroll end\">Quant \u00e0 la Province et pour l\u2019\u00e9tranger, il n\u2019y a pas de montant minimal pour commander mais les frais sont \u00e0 votre charge.<\/p><\/div>\n\t\t\t\t<\/div>\n\t\t\t\t\t\t\t<div class=\"elementor-accordion-item\">\n\t\t\t\t\t<div id=\"elementor-tab-title-2652\" class=\"elementor-tab-title\" data-tab=\"2\" role=\"button\" aria-controls=\"elementor-tab-content-2652\" aria-expanded=\"false\">\n\t\t\t\t\t\t\t\t\t\t\t\t\t<span class=\"elementor-accordion-icon elementor-accordion-icon-right\" aria-hidden=\"true\">\n\t\t\t\t\t\t\t\t\t\t\t\t\t\t\t<span class=\"elementor-accordion-icon-closed\"><svg class=\"e-font-icon-svg e-fas-plus\" viewBox=\"0 0 448 512\" xmlns=\"http:\/\/www.w3.org\/2000\/svg\"><path d=\"M416 208H272V64c0-17.67-14.33-32-32-32h-32c-17.67 0-32 14.33-32 32v144H32c-17.67 0-32 14.33-32 32v32c0 17.67 14.33 32 32 32h144v144c0 17.67 14.33 32 32 32h32c17.67 0 32-14.33 32-32V304h144c17.67 0 32-14.33 32-32v-32c0-17.67-14.33-32-32-32z\"><\/path><\/svg><\/span>\n\t\t\t\t\t\t\t\t<span class=\"elementor-accordion-icon-opened\"><svg class=\"e-font-icon-svg e-fas-minus\" viewBox=\"0 0 448 512\" xmlns=\"http:\/\/www.w3.org\/2000\/svg\"><path d=\"M416 208H32c-17.67 0-32 14.33-32 32v32c0 17.67 14.33 32 32 32h384c17.67 0 32-14.33 32-32v-32c0-17.67-14.33-32-32-32z\"><\/path><\/svg><\/span>\n\t\t\t\t\t\t\t\t\t\t\t\t\t\t<\/span>\n\t\t\t\t\t\t\t\t\t\t\t\t<a class=\"elementor-accordion-title\" tabindex=\"0\">Avez-vous un catalogue produit ?<\/a>\n\t\t\t\t\t<\/div>\n\t\t\t\t\t<div id=\"elementor-tab-content-2652\" class=\"elementor-tab-content elementor-clearfix\" data-tab=\"2\" role=\"region\" aria-labelledby=\"elementor-tab-title-2652\"><p>Oui, nous avons un catalogue produit. Celui-ci est disponible en version papier ou en PDF. Pour l\u2019obtenir, vous pouvez vous rendre dans un magasin BaiFenBai ou alors nous demander de vous mettre en relation avec l\u2019un de nos commerciaux qui vous l\u2019enverra par num\u00e9rique.<\/p><\/div>\n\t\t\t\t<\/div>\n\t\t\t\t\t\t\t<div class=\"elementor-accordion-item\">\n\t\t\t\t\t<div id=\"elementor-tab-title-2653\" class=\"elementor-tab-title\" data-tab=\"3\" role=\"button\" aria-controls=\"elementor-tab-content-2653\" aria-expanded=\"false\">\n\t\t\t\t\t\t\t\t\t\t\t\t\t<span class=\"elementor-accordion-icon elementor-accordion-icon-right\" aria-hidden=\"true\">\n\t\t\t\t\t\t\t\t\t\t\t\t\t\t\t<span class=\"elementor-accordion-icon-closed\"><svg class=\"e-font-icon-svg e-fas-plus\" viewBox=\"0 0 448 512\" xmlns=\"http:\/\/www.w3.org\/2000\/svg\"><path d=\"M416 208H272V64c0-17.67-14.33-32-32-32h-32c-17.67 0-32 14.33-32 32v144H32c-17.67 0-32 14.33-32 32v32c0 17.67 14.33 32 32 32h144v144c0 17.67 14.33 32 32 32h32c17.67 0 32-14.33 32-32V304h144c17.67 0 32-14.33 32-32v-32c0-17.67-14.33-32-32-32z\"><\/path><\/svg><\/span>\n\t\t\t\t\t\t\t\t<span class=\"elementor-accordion-icon-opened\"><svg class=\"e-font-icon-svg e-fas-minus\" viewBox=\"0 0 448 512\" xmlns=\"http:\/\/www.w3.org\/2000\/svg\"><path d=\"M416 208H32c-17.67 0-32 14.33-32 32v32c0 17.67 14.33 32 32 32h384c17.67 0 32-14.33 32-32v-32c0-17.67-14.33-32-32-32z\"><\/path><\/svg><\/span>\n\t\t\t\t\t\t\t\t\t\t\t\t\t\t<\/span>\n\t\t\t\t\t\t\t\t\t\t\t\t<a class=\"elementor-accordion-title\" tabindex=\"0\">Puis-je connaitre vos prix (produits) ?<\/a>\n\t\t\t\t\t<\/div>\n\t\t\t\t\t<div id=\"elementor-tab-content-2653\" class=\"elementor-tab-content elementor-clearfix\" data-tab=\"3\" role=\"region\" aria-labelledby=\"elementor-tab-title-2653\"><p class=\"animation_scroll end\">La divulgation de nos tarifs professionnels est possible uniquement via un commercial. Afin d\u2019en savoir plus, nous vous invitons \u00e0 nous \u00e9crire en nous demandant de vous mettre en relation avec l\u2019un de nos commerciaux.<\/p><p class=\"animation_scroll end\">Pour les prix en magasin, veuillez contacter directement le magasin o\u00f9 vous souhaitez r\u00e9aliser vos achats.<\/p><\/div>\n\t\t\t\t<\/div>\n\t\t\t\t\t\t\t\t<\/div>\n\t\t\t\t\t\t<\/div>\n\t\t\t\t<\/div>\n\t\t\t\t\t<\/div>\n\t\t<\/div>\n\t\t\t\t\t<\/div>\n\t\t<\/section>\n\t\t\t\t\t<\/div>\n\t\t<\/div>\n\t\t\t\t\t<\/div>\n\t\t<\/section>\n\t\t\t\t<section class=\"elementor-section elementor-top-section elementor-element elementor-element-5d97ee2 elementor-section-boxed elementor-section-height-default elementor-section-height-default wpr-particle-no wpr-jarallax-no wpr-parallax-no wpr-sticky-section-no\" data-id=\"5d97ee2\" data-element_type=\"section\" data-e-type=\"section\">\n\t\t\t\t\t\t<div class=\"elementor-container elementor-column-gap-no\">\n\t\t\t\t\t<div class=\"elementor-column elementor-col-100 elementor-top-column elementor-element elementor-element-bd05977\" data-id=\"bd05977\" data-element_type=\"column\" data-e-type=\"column\">\n\t\t\t<div class=\"elementor-widget-wrap elementor-element-populated\">\n\t\t\t\t\t\t<div class=\"elementor-element elementor-element-8d3ed11 elementor-widget elementor-widget-heading\" data-id=\"8d3ed11\" data-element_type=\"widget\" data-e-type=\"widget\" data-widget_type=\"heading.default\">\n\t\t\t\t<div class=\"elementor-widget-container\">\n\t\t\t\t\t<h2 class=\"elementor-heading-title elementor-size-default\"><br><br>Nos Produits : Festival des Saveurs Asiatiques<\/h2>\t\t\t\t<\/div>\n\t\t\t\t<\/div>\n\t\t\t\t<div class=\"elementor-element elementor-element-adc776d elementor-widget elementor-widget-text-editor\" data-id=\"adc776d\" data-element_type=\"widget\" data-e-type=\"widget\" data-widget_type=\"text-editor.default\">\n\t\t\t\t<div class=\"elementor-widget-container\">\n\t\t\t\t\t\t\t\t\t<p><span style=\"background-color: var(--bg-color); font-size: inherit; color: var(--content-color); font-family: var(--body-font);\">Notre catalogue<i> <\/i>exceptionnellement diversifi\u00e9 est un festival permanent des saveurs asiatiques. Des surgel\u00e9s qui dansent avec fra\u00eecheur aux boissons qui chantent des m\u00e9lodies rafra\u00eechissantes, des saveurs exquises des produits japonais aux d\u00e9lices sucr\u00e9s des desserts, en passant par les conserves qui renferment les secrets des recettes ancestrales \u2013 chaque produit est une invitation \u00e0 un voyage culinaire inoubliable o\u00f9 m\u00eame les produits d\u2019hygi\u00e8ne et d\u2019emballages font une entr\u00e9e remarqu\u00e9e dans ce festival ininterrompu des saveurs.<\/span><\/p><p>BAIFENBAI est votre guichet unique pour une vari\u00e9t\u00e9 de produits de haute qualit\u00e9.<\/p>\t\t\t\t\t\t\t\t<\/div>\n\t\t\t\t<\/div>\n\t\t\t\t\t<\/div>\n\t\t<\/div>\n\t\t\t\t\t<\/div>\n\t\t<\/section>\n\t\t\t\t<section class=\"elementor-section elementor-top-section elementor-element elementor-element-86e9d6d elementor-section-full_width elementor-section-height-default elementor-section-height-default wpr-particle-no wpr-jarallax-no wpr-parallax-no wpr-sticky-section-no\" data-id=\"86e9d6d\" data-element_type=\"section\" data-e-type=\"section\" data-settings=\"{&quot;background_background&quot;:&quot;classic&quot;}\">\n\t\t\t\t\t\t\t<div class=\"elementor-background-overlay\"><\/div>\n\t\t\t\t\t\t\t<div class=\"elementor-container elementor-column-gap-no\">\n\t\t\t\t\t<div class=\"elementor-column elementor-col-100 elementor-top-column elementor-element elementor-element-7aeb55b dark-color\" data-id=\"7aeb55b\" data-element_type=\"column\" data-e-type=\"column\">\n\t\t\t<div class=\"elementor-widget-wrap\">\n\t\t\t\t\t\t\t<\/div>\n\t\t<\/div>\n\t\t\t\t\t<\/div>\n\t\t<\/section>\n\t\t\t\t<section class=\"elementor-section elementor-top-section elementor-element elementor-element-840cade elementor-section-boxed elementor-section-height-default elementor-section-height-default wpr-particle-no wpr-jarallax-no wpr-parallax-no wpr-sticky-section-no\" data-id=\"840cade\" data-element_type=\"section\" data-e-type=\"section\">\n\t\t\t\t\t\t<div class=\"elementor-container elementor-column-gap-no\">\n\t\t\t\t\t<div class=\"elementor-column elementor-col-100 elementor-top-column elementor-element elementor-element-d37555d\" data-id=\"d37555d\" data-element_type=\"column\" data-e-type=\"column\">\n\t\t\t<div class=\"elementor-widget-wrap elementor-element-populated\">\n\t\t\t\t\t\t<div class=\"elementor-element elementor-element-44a14e8 elementor-widget elementor-widget-heading\" data-id=\"44a14e8\" data-element_type=\"widget\" data-e-type=\"widget\" data-widget_type=\"heading.default\">\n\t\t\t\t<div class=\"elementor-widget-container\">\n\t\t\t\t\t<h2 class=\"elementor-heading-title elementor-size-default\">Nos Valeurs : Authenticit\u00e9, Excellence et Qualit\u00e9<\/h2>\t\t\t\t<\/div>\n\t\t\t\t<\/div>\n\t\t\t\t<div class=\"elementor-element elementor-element-e13c660 elementor-widget elementor-widget-text-editor\" data-id=\"e13c660\" data-element_type=\"widget\" data-e-type=\"widget\" data-widget_type=\"text-editor.default\">\n\t\t\t\t<div class=\"elementor-widget-container\">\n\t\t\t\t\t\t\t\t\t<p><span style=\"background-color: var(--bg-color);\">Au sein de BAIFENBAI, nous mettons en avant l\u2019authenticit\u00e9 des produits que nous proposons, garantissant ainsi une exp\u00e9rience culinaire asiatique v\u00e9ritablement authentique. Notre engagement envers l\u2019excellence se refl\u00e8te non seulement dans la qualit\u00e9 exceptionnelle de nos produits, mais \u00e9galement la proximit\u00e9 avec tous nos collaborateurs \u00e0 votre \u00e9coute continuellement. Notre souci constant de qualit\u00e9, en plus de celle des produits, se manifeste dans nos services, assurant un transport fiable et une r\u00e9activit\u00e9 rapide de notre \u00e9quipe pour r\u00e9pondre \u00e0 tous vos besoins.<\/span><\/p>\t\t\t\t\t\t\t\t<\/div>\n\t\t\t\t<\/div>\n\t\t\t\t\t<\/div>\n\t\t<\/div>\n\t\t\t\t\t<\/div>\n\t\t<\/section>\n\t\t\t\t<\/div>\n\t\t","protected":false},"excerpt":{"rendered":"<p>Chez BAIFENBAI Bienvenue dans l\u2019univers captivant de BAIFENBAI, bien plus qu\u2019un distributeur en gros, nous sommes les architectes passionn\u00e9s des exp\u00e9riences culinaires asiatiques exceptionnelles. Chez BAIFENBAI, notre mission est de transcender les fronti\u00e8res gustatives en fournissant une s\u00e9lection de produits de premi\u00e8re qualit\u00e9 qui transmettent l\u2019essence m\u00eame de l\u2019Asie. BAIFENBAI n\u2019est pas simplement un distributeur, mais une odyss\u00e9e culinaire qui commence dans les ruelles anim\u00e9es des march\u00e9s asiatiques, se faufile \u00e0 travers les traditions s\u00e9culaires, pour aboutir \u00e0 votre table. Nous sommes les explorateurs des saveurs, les d\u00e9fricheurs des d\u00e9lices, et chaque produit dans notre vaste catalogue raconte une histoire de go\u00fbt, d\u2019authenticit\u00e9 et d\u2019excellence. Nous croyons en la simplicit\u00e9 dans la complexit\u00e9. Notre processus de commande client est une recette bien orchestr\u00e9e \u00e0 la fois fluide, intuitif et surtout, rapide. La disponibilit\u00e9 en temps r\u00e9el de nos produits est notre engagement envers votre succ\u00e8s, vous offrant un contr\u00f4le total sur votre approvisionnement. Chez BAIFENBAI, nous ne b\u00e2tissons pas simplement des relations commerciales, nous cr\u00e9ons des partenariats durables. Notre \u00e9quipe d\u00e9vou\u00e9e est votre alli\u00e9e dans la r\u00e9ussite, pr\u00eate \u00e0 vous accompagner \u00e0 chaque \u00e9tape de la commande. Votre succ\u00e8s culinaire est notre motivation quotidienne. Merci de choisir BAIFENBAI \u2013 bien plus qu\u2019un distributeur, une source d\u2019inspiration pour votre succ\u00e8s gastronomique. FAQ Proposez-vous la livraison ? Pour quel prix ? Oui, la livraison est possible \u00e0 travers toute la France et dans l\u2019Europe, uniquement pour nos clients professionnels (restaurateurs et grossistes). Le tarif d\u00e9pend de votre emplacement. Pour l\u2019Ile-de-France, la livraison est possible et gratuite d\u00e8s 300 euros d\u2019achat. Quant \u00e0 la Province et pour l\u2019\u00e9tranger, il n\u2019y a pas de montant minimal pour commander mais les frais sont \u00e0 votre charge. Avez-vous un catalogue produit ? Oui, nous avons un catalogue produit. Celui-ci est disponible en version papier ou en PDF. Pour l\u2019obtenir, vous pouvez vous rendre dans un magasin BaiFenBai ou alors nous demander de vous mettre en relation avec l\u2019un de nos commerciaux qui vous l\u2019enverra par num\u00e9rique. Puis-je connaitre vos prix (produits) ? La divulgation de nos tarifs professionnels est possible uniquement via un commercial. Afin d\u2019en savoir plus, nous vous invitons \u00e0 nous \u00e9crire en nous demandant de vous mettre en relation avec l\u2019un de nos commerciaux. Pour les prix en magasin, veuillez contacter directement le magasin o\u00f9 vous souhaitez r\u00e9aliser vos achats. Nos Produits : Festival des Saveurs Asiatiques Notre catalogue exceptionnellement diversifi\u00e9 est un festival permanent des saveurs asiatiques. Des surgel\u00e9s qui dansent avec fra\u00eecheur aux boissons qui chantent des m\u00e9lodies rafra\u00eechissantes, des saveurs exquises des produits japonais aux d\u00e9lices sucr\u00e9s des desserts, en passant par les conserves qui renferment les secrets des recettes ancestrales \u2013 chaque produit est une invitation \u00e0 un voyage culinaire inoubliable o\u00f9 m\u00eame les produits d\u2019hygi\u00e8ne et d\u2019emballages font une entr\u00e9e remarqu\u00e9e dans ce festival ininterrompu des saveurs. BAIFENBAI est votre guichet unique pour une vari\u00e9t\u00e9 de produits de haute qualit\u00e9. Nos Valeurs : Authenticit\u00e9, Excellence et Qualit\u00e9 Au sein de BAIFENBAI, nous mettons en avant l\u2019authenticit\u00e9 des produits que nous proposons, garantissant ainsi une exp\u00e9rience culinaire asiatique v\u00e9ritablement authentique. Notre engagement envers l\u2019excellence se refl\u00e8te non seulement dans la qualit\u00e9 exceptionnelle de nos produits, mais \u00e9galement la proximit\u00e9 avec tous nos collaborateurs \u00e0 votre \u00e9coute continuellement. Notre souci constant de qualit\u00e9, en plus de celle des produits, se manifeste dans nos services, assurant un transport fiable et une r\u00e9activit\u00e9 rapide de notre \u00e9quipe pour r\u00e9pondre \u00e0 tous vos besoins.<\/p>\n","protected":false},"author":1,"featured_media":0,"parent":0,"menu_order":0,"comment_status":"closed","ping_status":"closed","template":"elementor_header_footer","meta":{"wprm-recipe-roundup-name":"","wprm-recipe-roundup-description":"","tinysalt_hide_before_page_content_ad":"","tinysalt_hide_after_page_content_ad":"","tinysalt_hide_page_header":"on","tinysalt_advanced_classname":"","tinysalt_page_featured_media_position":"","tinysalt_single_site_header_source":"","tinysalt_single_custom_site_header":"0","tinysalt_single_custom_sticky_site_header":"0","tinysalt_single_custom_sticky_site_header_style":"sticky-scroll-up","tinysalt_single_site_footer_source":"","tinysalt_single_custom_site_footer":"0","footnotes":""},"class_list":["post-6354","page","type-page","status-publish","hentry"],"_links":{"self":[{"href":"https:\/\/baifenbai.fr\/index.php?rest_route=\/wp\/v2\/pages\/6354","targetHints":{"allow":["GET"]}}],"collection":[{"href":"https:\/\/baifenbai.fr\/index.php?rest_route=\/wp\/v2\/pages"}],"about":[{"href":"https:\/\/baifenbai.fr\/index.php?rest_route=\/wp\/v2\/types\/page"}],"author":[{"embeddable":true,"href":"https:\/\/baifenbai.fr\/index.php?rest_route=\/wp\/v2\/users\/1"}],"replies":[{"embeddable":true,"href":"https:\/\/baifenbai.fr\/index.php?rest_route=%2Fwp%2Fv2%2Fcomments&post=6354"}],"version-history":[{"count":58,"href":"https:\/\/baifenbai.fr\/index.php?rest_route=\/wp\/v2\/pages\/6354\/revisions"}],"predecessor-version":[{"id":8221,"href":"https:\/\/baifenbai.fr\/index.php?rest_route=\/wp\/v2\/pages\/6354\/revisions\/8221"}],"wp:attachment":[{"href":"https:\/\/baifenbai.fr\/index.php?rest_route=%2Fwp%2Fv2%2Fmedia&parent=6354"}],"curies":[{"name":"wp","href":"https:\/\/api.w.org\/{rel}","templated":true}]}}