{"id":1832,"date":"2022-09-06T05:29:21","date_gmt":"2022-09-06T05:29:21","guid":{"rendered":"https:\/\/tinysalt.loftocean.com\/elementor\/my-account\/"},"modified":"2024-10-04T12:16:44","modified_gmt":"2024-10-04T12:16:44","slug":"my-account","status":"publish","type":"page","link":"https:\/\/baifenbai.fr\/?page_id=1832","title":{"rendered":"Mon compte"},"content":{"rendered":"\t\t<div data-elementor-type=\"wp-page\" data-elementor-id=\"1832\" class=\"elementor elementor-1832\" data-elementor-post-type=\"page\">\n\t\t\t\t<div class=\"elementor-element elementor-element-ea0f65a e-transform e-flex e-con-boxed wpr-particle-no wpr-jarallax-no wpr-parallax-no wpr-sticky-section-no e-con e-parent\" data-id=\"ea0f65a\" data-element_type=\"container\" data-e-type=\"container\" data-settings=\"{&quot;_transform_translateX_effect&quot;:{&quot;unit&quot;:&quot;px&quot;,&quot;size&quot;:-148,&quot;sizes&quot;:[]},&quot;_transform_translateX_effect_tablet&quot;:{&quot;unit&quot;:&quot;px&quot;,&quot;size&quot;:0,&quot;sizes&quot;:[]},&quot;_transform_translateX_effect_mobile&quot;:{&quot;unit&quot;:&quot;px&quot;,&quot;size&quot;:0,&quot;sizes&quot;:[]},&quot;_transform_translateY_effect&quot;:{&quot;unit&quot;:&quot;px&quot;,&quot;size&quot;:&quot;&quot;,&quot;sizes&quot;:[]},&quot;_transform_translateY_effect_tablet&quot;:{&quot;unit&quot;:&quot;px&quot;,&quot;size&quot;:&quot;&quot;,&quot;sizes&quot;:[]},&quot;_transform_translateY_effect_mobile&quot;:{&quot;unit&quot;:&quot;px&quot;,&quot;size&quot;:&quot;&quot;,&quot;sizes&quot;:[]}}\">\n\t\t\t\t\t<div class=\"e-con-inner\">\n\t\t\t\t<div class=\"elementor-element elementor-element-53bea1c elementor-widget elementor-widget-text-editor\" data-id=\"53bea1c\" data-element_type=\"widget\" data-e-type=\"widget\" data-widget_type=\"text-editor.default\">\n\t\t\t\t<div class=\"elementor-widget-container\">\n\t\t\t\t\t\t\t\t\t<style>\r\n.woocommerce .col2-set .col-1, .woocommerce-page .col2-set .col-1 {\r\n    width: 43%;\r\n}\r\n.woocommerce .col2-set .col-2, .woocommerce-page .col2-set .col-2 {\r\n    width: 43%;\r\n}\r\ndiv#primary {\r\n    max-width: 1200px !important;\r\n}\r\n\r\n<\/style>\r\n<p>&nbsp;<\/p>\n<div class=\"woocommerce\">\n<div class=\"woocommerce-notices-wrapper\"><\/div>\n<div class=\"u-columns col2-set\" id=\"customer_login\">\n<div class=\"u-column1 col-1\">\n<h2>Se connecter<\/h2>\n<form class=\"woocommerce-form woocommerce-form-login login\" method=\"post\" novalidate>\n<p class=\"woocommerce-form-row woocommerce-form-row--wide form-row form-row-wide\">\n\t\t\t\t<label for=\"username\">Identifiant ou e-mail&nbsp;<span class=\"required\" aria-hidden=\"true\">*<\/span><span class=\"screen-reader-text\">Obligatoire<\/span><\/label><br \/>\n\t\t\t\t<input type=\"text\" class=\"woocommerce-Input woocommerce-Input--text input-text\" name=\"username\" id=\"username\" autocomplete=\"username\" value=\"\" required aria-required=\"true\" \/>\t\t\t<\/p>\n<p class=\"woocommerce-form-row woocommerce-form-row--wide form-row form-row-wide\">\n\t\t\t\t<label for=\"password\">Mot de passe&nbsp;<span class=\"required\" aria-hidden=\"true\">*<\/span><span class=\"screen-reader-text\">Obligatoire<\/span><\/label><br \/>\n\t\t\t\t<input class=\"woocommerce-Input woocommerce-Input--text input-text\" type=\"password\" name=\"password\" id=\"password\" autocomplete=\"current-password\" required aria-required=\"true\" \/>\n\t\t\t<\/p>\n<p class=\"form-row\">\n\t\t\t\t<label class=\"woocommerce-form__label woocommerce-form__label-for-checkbox woocommerce-form-login__rememberme\"><br \/>\n\t\t\t\t\t<input class=\"woocommerce-form__input woocommerce-form__input-checkbox\" name=\"rememberme\" type=\"checkbox\" id=\"rememberme\" value=\"forever\" \/> <span>Se souvenir de moi<\/span><br \/>\n\t\t\t\t<\/label><br \/>\n\t\t\t\t<input type=\"hidden\" id=\"woocommerce-login-nonce\" name=\"woocommerce-login-nonce\" value=\"e7756d621f\" \/><input type=\"hidden\" name=\"_wp_http_referer\" value=\"\/index.php?rest_route=%2Fwp%2Fv2%2Fpages%2F1832\" \/>\t\t\t\t<button type=\"submit\" class=\"woocommerce-button button woocommerce-form-login__submit\" name=\"login\" value=\"Se connecter\">Se connecter<\/button>\n\t\t\t<\/p>\n<p class=\"woocommerce-LostPassword lost_password\">\n\t\t\t\t<a href=\"https:\/\/baifenbai.fr\/?page_id=1832&#038;lost-password\">Mot de passe perdu\u00a0?<\/a>\n\t\t\t<\/p>\n<\/p><\/form>\n<\/p><\/div>\n<div class=\"u-column2 col-2\">\n<h2>S\u2019inscrire<\/h2>\n<form method=\"post\" class=\"woocommerce-form woocommerce-form-register register\" enctype=\"multipart\/form-data\" >\n<p class=\"woocommerce-form-row woocommerce-form-row--wide form-row form-row-wide\">\n\t\t\t\t<label for=\"reg_email\">Adresse e-mail&nbsp;<span class=\"required\" aria-hidden=\"true\">*<\/span><span class=\"screen-reader-text\">Obligatoire<\/span><\/label><br \/>\n\t\t\t\t<input type=\"email\" class=\"woocommerce-Input woocommerce-Input--text input-text\" name=\"email\" id=\"reg_email\" autocomplete=\"email\" value=\"\" required aria-required=\"true\" \/>\t\t\t<\/p>\n<p>Un lien permettant de d\u00e9finir un nouveau mot de passe sera envoy\u00e9 \u00e0 votre adresse e-mail.<\/p>\n<p class=\"woocommerce-form-row woocommerce-form-row--wide form-row form-row-wide b2bking_registration_roles_dropdown_section \">\n\t\t\t\t\t\t\t\t\t\t\t\t\t\t<label for=\"b2bking_registration_roles_dropdown\"><br \/>\n\t\t\t\t\t\t\t\tType D&#039;Utilisateur&nbsp;<span class=\"required\">*<\/span><br \/>\n\t\t\t\t\t\t\t<\/label><br \/>\n\t\t\t\t\t\t\t<select id=\"b2bking_registration_roles_dropdown\" name=\"b2bking_registration_roles_dropdown\" required><option value=\"\" >\u2013 \u2013 \u2013 S\u00e9lectionnez le r\u00f4le de l&rsquo;utilisateur \u2013 \u2013 \u2013<\/option><option value=\"role_2526\" >Client Particulier<\/option><option value=\"role_2527\" >B2B (n\u00e9cessite une approbation)<\/option><\/select>\n\t\t\t\t\t\t<\/p>\n<div class=\" b2bking_custom_registration_container b2bking_custom_registration_role_2527\">\n<p class=\"woocommerce-form-row woocommerce-form-row--wide form-row form-row-wide \"><label for=\"b2bking_field_2528\">Nom&nbsp;<span class=\"required\">*<\/span><\/label><input type=\"text\" id=\"b2bking_field_2528\" class=\"b2bking_custom_registration_field b2bking_custom_field_req_required\" name=\"b2bking_custom_field_2528\" value=\"\" placeholder=\"Entrez votre pr\u00e9nom ici...\" required><\/p>\n<\/div>\n<div class=\" b2bking_custom_registration_container b2bking_custom_registration_role_2527\">\n<p class=\"woocommerce-form-row woocommerce-form-row--wide form-row form-row-wide \"><label for=\"b2bking_field_2529\">Pr\u00e9nom&nbsp;<span class=\"required\">*<\/span><\/label><input type=\"text\" id=\"b2bking_field_2529\" class=\"b2bking_custom_registration_field b2bking_custom_field_req_required\" name=\"b2bking_custom_field_2529\" value=\"\" placeholder=\"Entrez votre nom de famille ici...\" required><\/p>\n<\/div>\n<div class=\" b2bking_custom_registration_container b2bking_custom_registration_role_2527\">\n<p class=\"woocommerce-form-row woocommerce-form-row--wide form-row form-row-wide \"><label for=\"b2bking_field_2530\">Nome de Soci\u00e9t\u00e9&nbsp;<\/label><input type=\"text\" id=\"b2bking_field_2530\" class=\"b2bking_custom_registration_field b2bking_custom_field_req_\" name=\"b2bking_custom_field_2530\" value=\"\" placeholder=\"Entrez le nom de votre entreprise ici...\" ><\/p>\n<\/div>\n<div class=\" b2bking_custom_registration_container b2bking_custom_registration_role_2527\">\n<p class=\"woocommerce-form-row woocommerce-form-row--wide form-row form-row-wide \"><label for=\"b2bking_field_2531\">Num\u00e9ro SIREN&nbsp;<span class=\"required\">*<\/span><\/label><input type=\"text\" id=\"b2bking_field_2531\" class=\"b2bking_custom_registration_field b2bking_custom_field_req_required\" name=\"b2bking_custom_field_2531\" value=\"\" placeholder=\"Num\u00e9ro SIREN\" required><\/p>\n<\/div>\n<div class=\" b2bking_custom_registration_container b2bking_custom_registration_role_2527\">\n<p class=\"woocommerce-form-row woocommerce-form-row--wide form-row form-row-wide \"><label for=\"b2bking_field_2532\">Adresse&nbsp;<\/label><input type=\"text\" id=\"b2bking_field_2532\" class=\"b2bking_custom_registration_field b2bking_custom_field_req_\" name=\"b2bking_custom_field_2532\" value=\"\" placeholder=\"Adresse\" ><\/p>\n<\/div>\n<div class=\" b2bking_custom_registration_container b2bking_custom_registration_role_2527\">\n<p class=\"woocommerce-form-row woocommerce-form-row--wide form-row form-row-wide \"><label for=\"b2bking_field_2533\">Ville&nbsp;<span class=\"required\">*<\/span><\/label><input type=\"text\" id=\"b2bking_field_2533\" class=\"b2bking_custom_registration_field b2bking_custom_field_req_required\" name=\"b2bking_custom_field_2533\" value=\"\" placeholder=\"Entrez votre ville ici...\" required><\/p>\n<\/div>\n<div class=\" b2bking_custom_registration_container b2bking_custom_registration_role_2527\">\n<p class=\"woocommerce-form-row woocommerce-form-row--wide form-row form-row-wide \"><label for=\"b2bking_field_2534\">Code Postal&nbsp;<span class=\"required\">*<\/span><\/label><input type=\"text\" id=\"b2bking_field_2534\" class=\"b2bking_custom_registration_field b2bking_custom_field_req_required\" name=\"b2bking_custom_field_2534\" value=\"\" placeholder=\"Entrez votre code postal\/ZIP ici...\" required><\/p>\n<\/div>\n<div class=\" b2bking_custom_registration_container b2bking_custom_registration_role_2527\">\n<p class=\"woocommerce-form-row woocommerce-form-row--wide form-row form-row-wide \"><label for=\"b2bking_field_2535\">T\u00e9l\u00e9phone&nbsp;<span class=\"required\">*<\/span><\/label><input id=\"b2bking_field_2535\" type=\"tel\" class=\"b2bking_custom_registration_field b2bking_custom_field_req_required\" name=\"b2bking_custom_field_2535\" value=\"\" placeholder=\"Entrez votre t\u00e9l\u00e9phone ici...\" required><\/p>\n<\/div>\n<p><wc-order-attribution-inputs><\/wc-order-attribution-inputs><\/p>\n<div class=\"woocommerce-privacy-policy-text\"><\/div>\n<p class=\"woocommerce-form-row form-row\">\n\t\t\t\t<input type=\"hidden\" id=\"woocommerce-register-nonce\" name=\"woocommerce-register-nonce\" value=\"24cba0a790\" \/><input type=\"hidden\" name=\"_wp_http_referer\" value=\"\/index.php?rest_route=%2Fwp%2Fv2%2Fpages%2F1832\" \/>\t\t\t\t<button type=\"submit\" class=\"woocommerce-Button woocommerce-button button woocommerce-form-register__submit\" name=\"register\" value=\"S\u2019inscrire\">S\u2019inscrire<\/button>\n\t\t\t<\/p>\n<\/p><\/form>\n<\/p><\/div>\n<\/div>\n<\/div>\n\t\t\t\t\t\t\t\t<\/div>\n\t\t\t\t<\/div>\n\t\t\t\t\t<\/div>\n\t\t\t\t<\/div>\n\t\t\t\t<\/div>\n\t\t","protected":false},"excerpt":{"rendered":"","protected":false},"author":1,"featured_media":0,"parent":0,"menu_order":0,"comment_status":"closed","ping_status":"closed","template":"","meta":{"wprm-recipe-roundup-name":"","wprm-recipe-roundup-description":"","tinysalt_hide_before_page_content_ad":"","tinysalt_hide_after_page_content_ad":"","tinysalt_hide_page_header":"","tinysalt_advanced_classname":"","tinysalt_page_featured_media_position":"","tinysalt_single_site_header_source":"","tinysalt_single_custom_site_header":"0","tinysalt_single_custom_sticky_site_header":"0","tinysalt_single_custom_sticky_site_header_style":"sticky-scroll-up","tinysalt_single_site_footer_source":"","tinysalt_single_custom_site_footer":"0","footnotes":""},"class_list":["post-1832","page","type-page","status-publish","hentry"],"_links":{"self":[{"href":"https:\/\/baifenbai.fr\/index.php?rest_route=\/wp\/v2\/pages\/1832","targetHints":{"allow":["GET"]}}],"collection":[{"href":"https:\/\/baifenbai.fr\/index.php?rest_route=\/wp\/v2\/pages"}],"about":[{"href":"https:\/\/baifenbai.fr\/index.php?rest_route=\/wp\/v2\/types\/page"}],"author":[{"embeddable":true,"href":"https:\/\/baifenbai.fr\/index.php?rest_route=\/wp\/v2\/users\/1"}],"replies":[{"embeddable":true,"href":"https:\/\/baifenbai.fr\/index.php?rest_route=%2Fwp%2Fv2%2Fcomments&post=1832"}],"version-history":[{"count":14,"href":"https:\/\/baifenbai.fr\/index.php?rest_route=\/wp\/v2\/pages\/1832\/revisions"}],"predecessor-version":[{"id":8409,"href":"https:\/\/baifenbai.fr\/index.php?rest_route=\/wp\/v2\/pages\/1832\/revisions\/8409"}],"wp:attachment":[{"href":"https:\/\/baifenbai.fr\/index.php?rest_route=%2Fwp%2Fv2%2Fmedia&parent=1832"}],"curies":[{"name":"wp","href":"https:\/\/api.w.org\/{rel}","templated":true}]}}